{"id":430,"date":"2020-03-31T17:19:47","date_gmt":"2020-03-31T15:19:47","guid":{"rendered":"http:\/\/kontor-schwerin.de\/kontor\/?page_id=430"},"modified":"2026-03-10T13:26:07","modified_gmt":"2026-03-10T12:26:07","slug":"lothar-oertel","status":"publish","type":"page","link":"https:\/\/kontor-schwerin.de\/kontor\/lothar-oertel\/","title":{"rendered":"Lothar Oertel"},"content":{"rendered":"<p>[et_pb_section bb_built=&#8220;1&#8243; fullwidth=&#8220;on&#8220; _builder_version=&#8220;4.3.4&#8243; next_background_color=&#8220;#000000&#8243;][et_pb_fullwidth_header admin_label=&#8220;kunstkaufhaus header&#8220; title=&#8220;KUNSTKAUFHAUS&#8220; text_orientation=&#8220;center&#8220; _builder_version=&#8220;4.3.4&#8243; background_image=&#8220;https:\/\/kontor-schwerin.de\/kontor\/wp-content\/uploads\/2020\/10\/neu-header-kk-scaled.jpg&#8220; global_module=&#8220;244&#8243; \/][et_pb_fullwidth_menu menu_id=&#8220;4&#8243; menu_style=&#8220;centered&#8220; disabled_on=&#8220;on|on|off&#8220; _builder_version=&#8220;4.3.4&#8243; global_module=&#8220;245&#8243; \/][\/et_pb_section][et_pb_section bb_built=&#8220;1&#8243; _builder_version=&#8220;4.3.4&#8243; prev_background_color=&#8220;#000000&#8243;][et_pb_row _builder_version=&#8220;4.3.4&#8243;][et_pb_column type=&#8220;4_4&#8243; _builder_version=&#8220;4.3.4&#8243;][et_pb_text _builder_version=&#8220;4.3.4&#8243; header_2_text_color=&#8220;#000000&#8243; header_3_text_color=&#8220;#000000&#8243; hover_enabled=&#8220;0&#8243;]<\/p>\n<h3 style=\"text-align: center;\">\u00dcBER UNS<\/h3>\n<h2 style=\"text-align: center;\">Lothar Oertel<\/h2>\n<p>[\/et_pb_text][\/et_pb_column][\/et_pb_row][et_pb_row column_structure=&#8220;1_4,3_4&#8243; _builder_version=&#8220;4.3.4&#8243;][et_pb_column type=&#8220;1_4&#8243; _builder_version=&#8220;4.3.4&#8243;][et_pb_image src=&#8220;https:\/\/kontor-schwerin.de\/kontor\/wp-content\/uploads\/2020\/03\/lo-neu2.jpg&#8220; _builder_version=&#8220;4.3.4&#8243; \/][\/et_pb_column][et_pb_column type=&#8220;3_4&#8243; _builder_version=&#8220;4.3.4&#8243;][et_pb_text _builder_version=&#8220;4.3.4&#8243; header_2_text_color=&#8220;#000000&#8243; header_3_text_color=&#8220;#000000&#8243; hover_enabled=&#8220;0&#8243; text_text_shadow_horizontal_length=&#8220;text_text_shadow_style,%91object Object%93&#8243; text_text_shadow_horizontal_length_tablet=&#8220;0px&#8220; text_text_shadow_vertical_length=&#8220;text_text_shadow_style,%91object Object%93&#8243; text_text_shadow_vertical_length_tablet=&#8220;0px&#8220; text_text_shadow_blur_strength=&#8220;text_text_shadow_style,%91object Object%93&#8243; text_text_shadow_blur_strength_tablet=&#8220;1px&#8220; link_text_shadow_horizontal_length=&#8220;link_text_shadow_style,%91object Object%93&#8243; link_text_shadow_horizontal_length_tablet=&#8220;0px&#8220; link_text_shadow_vertical_length=&#8220;link_text_shadow_style,%91object Object%93&#8243; link_text_shadow_vertical_length_tablet=&#8220;0px&#8220; link_text_shadow_blur_strength=&#8220;link_text_shadow_style,%91object Object%93&#8243; link_text_shadow_blur_strength_tablet=&#8220;1px&#8220; ul_text_shadow_horizontal_length=&#8220;ul_text_shadow_style,%91object Object%93&#8243; ul_text_shadow_horizontal_length_tablet=&#8220;0px&#8220; ul_text_shadow_vertical_length=&#8220;ul_text_shadow_style,%91object Object%93&#8243; ul_text_shadow_vertical_length_tablet=&#8220;0px&#8220; ul_text_shadow_blur_strength=&#8220;ul_text_shadow_style,%91object Object%93&#8243; ul_text_shadow_blur_strength_tablet=&#8220;1px&#8220; ol_text_shadow_horizontal_length=&#8220;ol_text_shadow_style,%91object Object%93&#8243; ol_text_shadow_horizontal_length_tablet=&#8220;0px&#8220; ol_text_shadow_vertical_length=&#8220;ol_text_shadow_style,%91object Object%93&#8243; ol_text_shadow_vertical_length_tablet=&#8220;0px&#8220; ol_text_shadow_blur_strength=&#8220;ol_text_shadow_style,%91object Object%93&#8243; ol_text_shadow_blur_strength_tablet=&#8220;1px&#8220; quote_text_shadow_horizontal_length=&#8220;quote_text_shadow_style,%91object Object%93&#8243; quote_text_shadow_horizontal_length_tablet=&#8220;0px&#8220; quote_text_shadow_vertical_length=&#8220;quote_text_shadow_style,%91object Object%93&#8243; quote_text_shadow_vertical_length_tablet=&#8220;0px&#8220; quote_text_shadow_blur_strength=&#8220;quote_text_shadow_style,%91object Object%93&#8243; quote_text_shadow_blur_strength_tablet=&#8220;1px&#8220; header_text_shadow_horizontal_length=&#8220;header_text_shadow_style,%91object Object%93&#8243; header_text_shadow_horizontal_length_tablet=&#8220;0px&#8220; header_text_shadow_vertical_length=&#8220;header_text_shadow_style,%91object Object%93&#8243; header_text_shadow_vertical_length_tablet=&#8220;0px&#8220; header_text_shadow_blur_strength=&#8220;header_text_shadow_style,%91object Object%93&#8243; header_text_shadow_blur_strength_tablet=&#8220;1px&#8220; header_2_text_shadow_horizontal_length=&#8220;header_2_text_shadow_style,%91object Object%93&#8243; header_2_text_shadow_horizontal_length_tablet=&#8220;0px&#8220; header_2_text_shadow_vertical_length=&#8220;header_2_text_shadow_style,%91object Object%93&#8243; header_2_text_shadow_vertical_length_tablet=&#8220;0px&#8220; header_2_text_shadow_blur_strength=&#8220;header_2_text_shadow_style,%91object Object%93&#8243; header_2_text_shadow_blur_strength_tablet=&#8220;1px&#8220; header_3_text_shadow_horizontal_length=&#8220;header_3_text_shadow_style,%91object Object%93&#8243; header_3_text_shadow_horizontal_length_tablet=&#8220;0px&#8220; header_3_text_shadow_vertical_length=&#8220;header_3_text_shadow_style,%91object Object%93&#8243; header_3_text_shadow_vertical_length_tablet=&#8220;0px&#8220; header_3_text_shadow_blur_strength=&#8220;header_3_text_shadow_style,%91object Object%93&#8243; header_3_text_shadow_blur_strength_tablet=&#8220;1px&#8220; header_4_text_shadow_horizontal_length=&#8220;header_4_text_shadow_style,%91object Object%93&#8243; header_4_text_shadow_horizontal_length_tablet=&#8220;0px&#8220; header_4_text_shadow_vertical_length=&#8220;header_4_text_shadow_style,%91object Object%93&#8243; header_4_text_shadow_vertical_length_tablet=&#8220;0px&#8220; header_4_text_shadow_blur_strength=&#8220;header_4_text_shadow_style,%91object Object%93&#8243; header_4_text_shadow_blur_strength_tablet=&#8220;1px&#8220; header_5_text_shadow_horizontal_length=&#8220;header_5_text_shadow_style,%91object Object%93&#8243; header_5_text_shadow_horizontal_length_tablet=&#8220;0px&#8220; header_5_text_shadow_vertical_length=&#8220;header_5_text_shadow_style,%91object Object%93&#8243; header_5_text_shadow_vertical_length_tablet=&#8220;0px&#8220; header_5_text_shadow_blur_strength=&#8220;header_5_text_shadow_style,%91object Object%93&#8243; header_5_text_shadow_blur_strength_tablet=&#8220;1px&#8220; header_6_text_shadow_horizontal_length=&#8220;header_6_text_shadow_style,%91object Object%93&#8243; header_6_text_shadow_horizontal_length_tablet=&#8220;0px&#8220; header_6_text_shadow_vertical_length=&#8220;header_6_text_shadow_style,%91object Object%93&#8243; header_6_text_shadow_vertical_length_tablet=&#8220;0px&#8220; header_6_text_shadow_blur_strength=&#8220;header_6_text_shadow_style,%91object Object%93&#8243; header_6_text_shadow_blur_strength_tablet=&#8220;1px&#8220; box_shadow_horizontal_tablet=&#8220;0px&#8220; box_shadow_vertical_tablet=&#8220;0px&#8220; box_shadow_blur_tablet=&#8220;40px&#8220; box_shadow_spread_tablet=&#8220;0px&#8220; vertical_offset_tablet=&#8220;0&#8243; horizontal_offset_tablet=&#8220;0&#8243; z_index_tablet=&#8220;0&#8243;]<\/p>\n<div class=\"et_pb_column et_pb_column_4_4 et_pb_column_4 et-last-child\">\n<div class=\"et_pb_text et_pb_module et_pb_bg_layout_light et_pb_text_align_left et_pb_text_1\">\n<div class=\"et_pb_text_inner\">\n<p class=\"p1\">1955 geboren \u00b7\u00b7 erst Zimmermann \u2013 dann Bildhauer \u00b7\u00b7 immer von Neugier getrieben \u00b7\u00b7 immer in Auseinandersetzung mit Allem \u00b7\u00b7 es gab auch Lob und Preis f\u00fcr das k\u00fcnstlerische Schaffen \u00b7\u00b7 f\u00fcr einige Zeit in die Welt hinausgezogen, Spuren des Denkens und Tuns hinterlassen \u00b7\u00b7 Musik machen und Philosophieren im Alltag \u00b7\u00b7 ein Haus gebaut und den Garten bestellt \u00b7\u00b7 das Malen angefangen \u2013 eine neue gro\u00dfe Lust entdeckt \u00b7\u00b7 das Leben und die Kunst hat mich zum K\u00fcnstler gemacht mit eigener Zeit und eigenem Raum.<\/p>\n<p>In der Suche nach einer g\u00fcltigen abstrakten L\u00f6sung aus jeglicher F\u00fclle um mich her, ist die Erfindung, das Hinzutun \u2013 <strong>Eine spur von Sein<\/strong>. In der Umformung, der Losl\u00f6sung und dem Loslassen aus Geschichte entsteht eine Markierung mit Farbe als Wert im Ausdruck eigener Erlebnisse. <a href=\"http:\/\/lotharoertel.de\" target=\"_blank\">Lothar Oertel<\/a><\/p>\n<p class=\"p1\">Einige seiner Arbeiten zeigen wir hier:<\/p>\n<\/div>\n<\/div>\n<\/div>\n<p style=\"text-align: left;\"><span class=\"s1\">\u00a0<\/span><\/p>\n<p>[\/et_pb_text][\/et_pb_column][\/et_pb_row][et_pb_row column_structure=&#8220;1_2,1_2&#8243; _builder_version=&#8220;4.3.4&#8243;][et_pb_column type=&#8220;1_2&#8243; _builder_version=&#8220;4.3.4&#8243;][et_pb_image src=&#8220;https:\/\/kontor-schwerin.de\/kontor\/wp-content\/uploads\/2020\/03\/lo-abgehangen.jpg&#8220; _builder_version=&#8220;4.3.4&#8243; \/][et_pb_text _builder_version=&#8220;4.3.4&#8243;]<\/p>\n<p>\u00bbBeinahe\u00ab Acryl auf Leinwand \u00b7 150 x 100 cm <\/p>\n<p>[\/et_pb_text][et_pb_image src=&#8220;https:\/\/kontor-schwerin.de\/kontor\/wp-content\/uploads\/2020\/03\/lo-ampast.jpg&#8220; _builder_version=&#8220;4.3.4&#8243; \/][et_pb_text _builder_version=&#8220;4.3.4&#8243;]<\/p>\n<p>\u00bbBepast\u00ab Acryl auf Leinwand \u00b7 200 x 140 cm<\/p>\n<p>[\/et_pb_text][\/et_pb_column][et_pb_column type=&#8220;1_2&#8243; _builder_version=&#8220;4.3.4&#8243;][et_pb_image src=&#8220;https:\/\/kontor-schwerin.de\/kontor\/wp-content\/uploads\/2020\/03\/lo-bpast.jpg&#8220; _builder_version=&#8220;4.3.4&#8243; \/][et_pb_text _builder_version=&#8220;4.3.4&#8243;]<\/p>\n<p>\u00bbAmpast\u00ab Acryl auf Leinwand \u00b7 200 x 140 cm<\/p>\n<p>[\/et_pb_text][et_pb_image src=&#8220;https:\/\/kontor-schwerin.de\/kontor\/wp-content\/uploads\/2020\/03\/lo-am-mond-vorbei.jpg&#8220; _builder_version=&#8220;4.3.4&#8243; \/][et_pb_text _builder_version=&#8220;4.3.4&#8243;]<\/p>\n<p>\u00bbAm Mond vorbei\u00ab Acryl auf Holz \u00b7 150 x 100 cm<\/p>\n<p>[\/et_pb_text][\/et_pb_column][\/et_pb_row][et_pb_row column_structure=&#8220;1_3,1_3,1_3&#8243; _builder_version=&#8220;4.3.4&#8243;][et_pb_column type=&#8220;1_3&#8243; _builder_version=&#8220;4.3.4&#8243;][et_pb_image src=&#8220;https:\/\/kontor-schwerin.de\/kontor\/wp-content\/uploads\/2020\/03\/lo-the-last-refugees.jpg&#8220; _builder_version=&#8220;4.3.4&#8243; \/][et_pb_text _builder_version=&#8220;4.3.4&#8243;]<\/p>\n<p>\u00bbThe last refugees\u00ab Acryl auf Leinwand \u00b7 90 x 90 cm<\/p>\n<p>[\/et_pb_text][\/et_pb_column][et_pb_column type=&#8220;1_3&#8243; _builder_version=&#8220;4.3.4&#8243;][et_pb_image src=&#8220;https:\/\/kontor-schwerin.de\/kontor\/wp-content\/uploads\/2020\/03\/lo-broken-news.jpg&#8220; _builder_version=&#8220;4.3.4&#8243; \/][et_pb_text _builder_version=&#8220;4.3.4&#8243;]<\/p>\n<p>\u00bbBroken News\u00ab Acryl auf Holz \u00b7 100 x 150 cm<\/p>\n<p>[\/et_pb_text][\/et_pb_column][et_pb_column type=&#8220;1_3&#8243; _builder_version=&#8220;4.3.4&#8243;][et_pb_image src=&#8220;https:\/\/kontor-schwerin.de\/kontor\/wp-content\/uploads\/2020\/03\/lo-faronde.jpg&#8220; _builder_version=&#8220;4.3.4&#8243; \/][et_pb_text _builder_version=&#8220;4.3.4&#8243;]<\/p>\n<p>\u00bbDie V\u00f6gel\u00ab Acryl auf Leinwand \u00b7 100 x 120 cm<\/p>\n<p>[\/et_pb_text][\/et_pb_column][\/et_pb_row][et_pb_row column_structure=&#8220;1_3,1_3,1_3&#8243; _builder_version=&#8220;4.3.4&#8243;][et_pb_column type=&#8220;1_3&#8243; _builder_version=&#8220;4.3.4&#8243;][et_pb_image src=&#8220;https:\/\/kontor-schwerin.de\/kontor\/wp-content\/uploads\/2020\/03\/lo-flut.jpg&#8220; _builder_version=&#8220;4.3.4&#8243; \/][et_pb_text _builder_version=&#8220;4.3.4&#8243;]<\/p>\n<p>\u00bbFlut\u00ab \u00b7 Acryl auf Leinwand \u00b7 200 x 120 cm <\/p>\n<p>[\/et_pb_text][\/et_pb_column][et_pb_column type=&#8220;1_3&#8243; _builder_version=&#8220;4.3.4&#8243;][et_pb_image src=&#8220;https:\/\/kontor-schwerin.de\/kontor\/wp-content\/uploads\/2020\/03\/lo-ralis.jpg&#8220; _builder_version=&#8220;4.3.4&#8243; \/][et_pb_text _builder_version=&#8220;4.3.4&#8243;]<\/p>\n<p>\u00bbRalis\u00ab \u00b7 Acryl auf Leinwand \u00b7 100 x 120 cm <\/p>\n<p>[\/et_pb_text][\/et_pb_column][et_pb_column type=&#8220;1_3&#8243; _builder_version=&#8220;4.3.4&#8243;][et_pb_image src=&#8220;https:\/\/kontor-schwerin.de\/kontor\/wp-content\/uploads\/2020\/03\/kk-uns-lo-05.jpg&#8220; _builder_version=&#8220;4.3.4&#8243; \/][et_pb_text _builder_version=&#8220;4.3.4&#8243;]<\/p>\n<p>\u00bbMahon\u00ab \u00b7 Ahorn \u00b7 100 x 30 x 20 cm<\/p>\n<p>[\/et_pb_text][\/et_pb_column][\/et_pb_row][et_pb_row column_structure=&#8220;1_3,1_3,1_3&#8243; _builder_version=&#8220;4.3.4&#8243;][et_pb_column type=&#8220;1_3&#8243; _builder_version=&#8220;4.3.4&#8243;][et_pb_image src=&#8220;https:\/\/kontor-schwerin.de\/kontor\/wp-content\/uploads\/2020\/03\/kk-uns-lo-08.jpg&#8220; _builder_version=&#8220;4.3.4&#8243; \/][et_pb_text _builder_version=&#8220;4.3.4&#8243;]<\/p>\n<p>\u00bbGen wir\u00ab \u00b7 Kiefer \u00b7 2 x 120 x 40 x 40 cm<br \/>\u00bbAus dem Eis\u00ab \u00b7 Eiche \u00b7 110 x 40 x 60 cm<\/p>\n<p>[\/et_pb_text][\/et_pb_column][et_pb_column type=&#8220;1_3&#8243; _builder_version=&#8220;4.3.4&#8243;][et_pb_image src=&#8220;https:\/\/kontor-schwerin.de\/kontor\/wp-content\/uploads\/2020\/03\/kk-uns-lo-09.jpg&#8220; _builder_version=&#8220;4.3.4&#8243; \/][et_pb_text _builder_version=&#8220;4.3.4&#8243;]<\/p>\n<p>\u00bb\u00dcberfahrt\u00ab \u00b7 Eiche \u00b7 280 x 100 x 50 cm<\/p>\n<p>[\/et_pb_text][\/et_pb_column][et_pb_column type=&#8220;1_3&#8243; _builder_version=&#8220;4.3.4&#8243;][et_pb_image src=&#8220;https:\/\/kontor-schwerin.de\/kontor\/wp-content\/uploads\/2020\/03\/kk-uns-lo-10.jpg&#8220; _builder_version=&#8220;4.3.4&#8243; \/][et_pb_text _builder_version=&#8220;4.3.4&#8243;]<\/p>\n<p>\u00bbHerzk\u00f6nig\u00ab \u00b7 Eiche \u00b7 240 x 50 x 50 cm<\/p>\n<p>[\/et_pb_text][\/et_pb_column][\/et_pb_row][et_pb_row column_structure=&#8220;1_2,1_4,1_4&#8243; _builder_version=&#8220;4.3.4&#8243;][et_pb_column type=&#8220;1_2&#8243; _builder_version=&#8220;4.3.4&#8243;][et_pb_image src=&#8220;https:\/\/kontor-schwerin.de\/kontor\/wp-content\/uploads\/2020\/03\/kk-uns-lo-11.jpg&#8220; _builder_version=&#8220;4.3.4&#8243; \/][et_pb_text _builder_version=&#8220;4.3.4&#8243;]<\/p>\n<p>\u00bbVon Ufer zu Ufer\u00ab \u00b7 Eiche \u00b7 240 x 560 x 120 cm<\/p>\n<p>[\/et_pb_text][\/et_pb_column][et_pb_column type=&#8220;1_4&#8243; _builder_version=&#8220;4.3.4&#8243;][et_pb_image src=&#8220;https:\/\/kontor-schwerin.de\/kontor\/wp-content\/uploads\/2020\/03\/kk-uns-lo-11-1.jpg&#8220; _builder_version=&#8220;4.3.4&#8243; \/][\/et_pb_column][et_pb_column type=&#8220;1_4&#8243; _builder_version=&#8220;4.3.4&#8243;][et_pb_image src=&#8220;https:\/\/kontor-schwerin.de\/kontor\/wp-content\/uploads\/2020\/03\/kk-uns-lo-12-1.jpg&#8220; _builder_version=&#8220;4.3.4&#8243; \/][\/et_pb_column][\/et_pb_row][\/et_pb_section]<\/p>\n","protected":false},"excerpt":{"rendered":"<p>[et_pb_section bb_built=&#8220;1&#8243; fullwidth=&#8220;on&#8220; _builder_version=&#8220;4.3.4&#8243; next_background_color=&#8220;#000000&#8243;][et_pb_fullwidth_header admin_label=&#8220;kunstkaufhaus header&#8220; title=&#8220;KUNSTKAUFHAUS&#8220; text_orientation=&#8220;center&#8220; _builder_version=&#8220;4.3.4&#8243; background_image=&#8220;https:\/\/kontor-schwerin.de\/kontor\/wp-content\/uploads\/2020\/10\/neu-header-kk-scaled.jpg&#8220; global_module=&#8220;244&#8243; \/][et_pb_fullwidth_menu menu_id=&#8220;4&#8243; menu_style=&#8220;centered&#8220; disabled_on=&#8220;on|on|off&#8220; _builder_version=&#8220;4.3.4&#8243; global_module=&#8220;245&#8243; \/][\/et_pb_section][et_pb_section bb_built=&#8220;1&#8243; _builder_version=&#8220;4.3.4&#8243; prev_background_color=&#8220;#000000&#8243;][et_pb_row _builder_version=&#8220;4.3.4&#8243;][et_pb_column type=&#8220;4_4&#8243; _builder_version=&#8220;4.3.4&#8243;][et_pb_text _builder_version=&#8220;4.3.4&#8243; header_2_text_color=&#8220;#000000&#8243; header_3_text_color=&#8220;#000000&#8243; hover_enabled=&#8220;0&#8243;] \u00dcBER UNS Lothar Oertel [\/et_pb_text][\/et_pb_column][\/et_pb_row][et_pb_row column_structure=&#8220;1_4,3_4&#8243; _builder_version=&#8220;4.3.4&#8243;][et_pb_column type=&#8220;1_4&#8243; _builder_version=&#8220;4.3.4&#8243;][et_pb_image src=&#8220;https:\/\/kontor-schwerin.de\/kontor\/wp-content\/uploads\/2020\/03\/lo-neu2.jpg&#8220; _builder_version=&#8220;4.3.4&#8243; \/][\/et_pb_column][et_pb_column type=&#8220;3_4&#8243; _builder_version=&#8220;4.3.4&#8243;][et_pb_text _builder_version=&#8220;4.3.4&#8243; header_2_text_color=&#8220;#000000&#8243; header_3_text_color=&#8220;#000000&#8243; hover_enabled=&#8220;0&#8243; text_text_shadow_horizontal_length=&#8220;text_text_shadow_style,%91object Object%93&#8243; text_text_shadow_horizontal_length_tablet=&#8220;0px&#8220; text_text_shadow_vertical_length=&#8220;text_text_shadow_style,%91object Object%93&#8243; text_text_shadow_vertical_length_tablet=&#8220;0px&#8220; text_text_shadow_blur_strength=&#8220;text_text_shadow_style,%91object Object%93&#8243; [&hellip;]<\/p>\n","protected":false},"author":2,"featured_media":0,"parent":0,"menu_order":0,"comment_status":"closed","ping_status":"closed","template":"","meta":{"_et_pb_use_builder":"on","_et_pb_old_content":"","_et_gb_content_width":"","footnotes":""},"class_list":["post-430","page","type-page","status-publish","hentry"],"_links":{"self":[{"href":"https:\/\/kontor-schwerin.de\/kontor\/wp-json\/wp\/v2\/pages\/430","targetHints":{"allow":["GET"]}}],"collection":[{"href":"https:\/\/kontor-schwerin.de\/kontor\/wp-json\/wp\/v2\/pages"}],"about":[{"href":"https:\/\/kontor-schwerin.de\/kontor\/wp-json\/wp\/v2\/types\/page"}],"author":[{"embeddable":true,"href":"https:\/\/kontor-schwerin.de\/kontor\/wp-json\/wp\/v2\/users\/2"}],"replies":[{"embeddable":true,"href":"https:\/\/kontor-schwerin.de\/kontor\/wp-json\/wp\/v2\/comments?post=430"}],"version-history":[{"count":17,"href":"https:\/\/kontor-schwerin.de\/kontor\/wp-json\/wp\/v2\/pages\/430\/revisions"}],"predecessor-version":[{"id":1520,"href":"https:\/\/kontor-schwerin.de\/kontor\/wp-json\/wp\/v2\/pages\/430\/revisions\/1520"}],"wp:attachment":[{"href":"https:\/\/kontor-schwerin.de\/kontor\/wp-json\/wp\/v2\/media?parent=430"}],"curies":[{"name":"wp","href":"https:\/\/api.w.org\/{rel}","templated":true}]}}