{"id":423,"date":"2020-03-31T12:20:32","date_gmt":"2020-03-31T10:20:32","guid":{"rendered":"http:\/\/kontor-schwerin.de\/kontor\/?page_id=423"},"modified":"2026-02-04T14:44:09","modified_gmt":"2026-02-04T13:44:09","slug":"kerstin-baarmann","status":"publish","type":"page","link":"https:\/\/kontor-schwerin.de\/kontor\/kerstin-baarmann\/","title":{"rendered":"Kerstin Baarmann"},"content":{"rendered":"<p>[et_pb_section bb_built=&#8220;1&#8243; fullwidth=&#8220;on&#8220; _builder_version=&#8220;4.3.4&#8243; next_background_color=&#8220;#000000&#8243;][et_pb_fullwidth_header admin_label=&#8220;kunstkaufhaus header&#8220; title=&#8220;KUNSTKAUFHAUS&#8220; text_orientation=&#8220;center&#8220; _builder_version=&#8220;4.3.4&#8243; background_image=&#8220;https:\/\/kontor-schwerin.de\/kontor\/wp-content\/uploads\/2020\/10\/neu-header-kk-scaled.jpg&#8220; global_module=&#8220;244&#8243; \/][et_pb_fullwidth_menu menu_id=&#8220;4&#8243; menu_style=&#8220;centered&#8220; disabled_on=&#8220;on|on|off&#8220; _builder_version=&#8220;4.3.4&#8243; global_module=&#8220;245&#8243; \/][\/et_pb_section][et_pb_section bb_built=&#8220;1&#8243; _builder_version=&#8220;4.3.4&#8243; prev_background_color=&#8220;#000000&#8243;][et_pb_row _builder_version=&#8220;4.3.4&#8243;][et_pb_column type=&#8220;4_4&#8243; _builder_version=&#8220;4.3.4&#8243;][et_pb_text _builder_version=&#8220;4.3.4&#8243; header_2_text_color=&#8220;#000000&#8243; header_3_text_color=&#8220;#000000&#8243; hover_enabled=&#8220;0&#8243;]<\/p>\n<h3 style=\"text-align: center;\">\u00dcBER UNS<\/h3>\n<h2 style=\"text-align: center;\">Kerstin Baarmann<\/h2>\n<p>[\/et_pb_text][\/et_pb_column][\/et_pb_row][et_pb_row column_structure=&#8220;1_4,3_4&#8243; _builder_version=&#8220;4.3.4&#8243;][et_pb_column type=&#8220;1_4&#8243; _builder_version=&#8220;4.3.4&#8243;][et_pb_image src=&#8220;https:\/\/kontor-schwerin.de\/kontor\/wp-content\/uploads\/2020\/10\/keba4.jpg&#8220; _builder_version=&#8220;4.3.4&#8243; \/][\/et_pb_column][et_pb_column type=&#8220;3_4&#8243; _builder_version=&#8220;4.3.4&#8243;][et_pb_text _builder_version=&#8220;4.3.4&#8243; header_2_text_color=&#8220;#000000&#8243; header_3_text_color=&#8220;#000000&#8243; text_text_shadow_horizontal_length=&#8220;text_text_shadow_style,%91object Object%93&#8243; text_text_shadow_horizontal_length_tablet=&#8220;0px&#8220; text_text_shadow_vertical_length=&#8220;text_text_shadow_style,%91object Object%93&#8243; text_text_shadow_vertical_length_tablet=&#8220;0px&#8220; text_text_shadow_blur_strength=&#8220;text_text_shadow_style,%91object Object%93&#8243; text_text_shadow_blur_strength_tablet=&#8220;1px&#8220; link_text_shadow_horizontal_length=&#8220;link_text_shadow_style,%91object Object%93&#8243; link_text_shadow_horizontal_length_tablet=&#8220;0px&#8220; link_text_shadow_vertical_length=&#8220;link_text_shadow_style,%91object Object%93&#8243; link_text_shadow_vertical_length_tablet=&#8220;0px&#8220; link_text_shadow_blur_strength=&#8220;link_text_shadow_style,%91object Object%93&#8243; link_text_shadow_blur_strength_tablet=&#8220;1px&#8220; ul_text_shadow_horizontal_length=&#8220;ul_text_shadow_style,%91object Object%93&#8243; ul_text_shadow_horizontal_length_tablet=&#8220;0px&#8220; ul_text_shadow_vertical_length=&#8220;ul_text_shadow_style,%91object Object%93&#8243; ul_text_shadow_vertical_length_tablet=&#8220;0px&#8220; ul_text_shadow_blur_strength=&#8220;ul_text_shadow_style,%91object Object%93&#8243; ul_text_shadow_blur_strength_tablet=&#8220;1px&#8220; ol_text_shadow_horizontal_length=&#8220;ol_text_shadow_style,%91object Object%93&#8243; ol_text_shadow_horizontal_length_tablet=&#8220;0px&#8220; ol_text_shadow_vertical_length=&#8220;ol_text_shadow_style,%91object Object%93&#8243; ol_text_shadow_vertical_length_tablet=&#8220;0px&#8220; ol_text_shadow_blur_strength=&#8220;ol_text_shadow_style,%91object Object%93&#8243; ol_text_shadow_blur_strength_tablet=&#8220;1px&#8220; quote_text_shadow_horizontal_length=&#8220;quote_text_shadow_style,%91object Object%93&#8243; quote_text_shadow_horizontal_length_tablet=&#8220;0px&#8220; quote_text_shadow_vertical_length=&#8220;quote_text_shadow_style,%91object Object%93&#8243; quote_text_shadow_vertical_length_tablet=&#8220;0px&#8220; quote_text_shadow_blur_strength=&#8220;quote_text_shadow_style,%91object Object%93&#8243; quote_text_shadow_blur_strength_tablet=&#8220;1px&#8220; header_text_shadow_horizontal_length=&#8220;header_text_shadow_style,%91object Object%93&#8243; header_text_shadow_horizontal_length_tablet=&#8220;0px&#8220; header_text_shadow_vertical_length=&#8220;header_text_shadow_style,%91object Object%93&#8243; header_text_shadow_vertical_length_tablet=&#8220;0px&#8220; header_text_shadow_blur_strength=&#8220;header_text_shadow_style,%91object Object%93&#8243; header_text_shadow_blur_strength_tablet=&#8220;1px&#8220; header_2_text_shadow_horizontal_length=&#8220;header_2_text_shadow_style,%91object Object%93&#8243; header_2_text_shadow_horizontal_length_tablet=&#8220;0px&#8220; header_2_text_shadow_vertical_length=&#8220;header_2_text_shadow_style,%91object Object%93&#8243; header_2_text_shadow_vertical_length_tablet=&#8220;0px&#8220; header_2_text_shadow_blur_strength=&#8220;header_2_text_shadow_style,%91object Object%93&#8243; header_2_text_shadow_blur_strength_tablet=&#8220;1px&#8220; header_3_text_shadow_horizontal_length=&#8220;header_3_text_shadow_style,%91object Object%93&#8243; header_3_text_shadow_horizontal_length_tablet=&#8220;0px&#8220; header_3_text_shadow_vertical_length=&#8220;header_3_text_shadow_style,%91object Object%93&#8243; header_3_text_shadow_vertical_length_tablet=&#8220;0px&#8220; header_3_text_shadow_blur_strength=&#8220;header_3_text_shadow_style,%91object Object%93&#8243; header_3_text_shadow_blur_strength_tablet=&#8220;1px&#8220; header_4_text_shadow_horizontal_length=&#8220;header_4_text_shadow_style,%91object Object%93&#8243; header_4_text_shadow_horizontal_length_tablet=&#8220;0px&#8220; header_4_text_shadow_vertical_length=&#8220;header_4_text_shadow_style,%91object Object%93&#8243; header_4_text_shadow_vertical_length_tablet=&#8220;0px&#8220; header_4_text_shadow_blur_strength=&#8220;header_4_text_shadow_style,%91object Object%93&#8243; header_4_text_shadow_blur_strength_tablet=&#8220;1px&#8220; header_5_text_shadow_horizontal_length=&#8220;header_5_text_shadow_style,%91object Object%93&#8243; header_5_text_shadow_horizontal_length_tablet=&#8220;0px&#8220; header_5_text_shadow_vertical_length=&#8220;header_5_text_shadow_style,%91object Object%93&#8243; header_5_text_shadow_vertical_length_tablet=&#8220;0px&#8220; header_5_text_shadow_blur_strength=&#8220;header_5_text_shadow_style,%91object Object%93&#8243; header_5_text_shadow_blur_strength_tablet=&#8220;1px&#8220; header_6_text_shadow_horizontal_length=&#8220;header_6_text_shadow_style,%91object Object%93&#8243; header_6_text_shadow_horizontal_length_tablet=&#8220;0px&#8220; header_6_text_shadow_vertical_length=&#8220;header_6_text_shadow_style,%91object Object%93&#8243; header_6_text_shadow_vertical_length_tablet=&#8220;0px&#8220; header_6_text_shadow_blur_strength=&#8220;header_6_text_shadow_style,%91object Object%93&#8243; header_6_text_shadow_blur_strength_tablet=&#8220;1px&#8220; box_shadow_horizontal_tablet=&#8220;0px&#8220; box_shadow_vertical_tablet=&#8220;0px&#8220; box_shadow_blur_tablet=&#8220;40px&#8220; box_shadow_spread_tablet=&#8220;0px&#8220; vertical_offset_tablet=&#8220;0&#8243; horizontal_offset_tablet=&#8220;0&#8243; z_index_tablet=&#8220;0&#8243;]<\/p>\n<p><span class=\"s1\">Kerstin Baarmann lebte viele&nbsp;Jahre in Berlin und studierte dort Grafikdesign. Schlie\u00dflich wollte sie raus aufs Land, um mit den Ziegen und dem Garten ganz in Ruhe und Gelassenheit zu leben. Ein richtig guter Platz, in der N\u00e4he der Peene, war bald gefunden. Der Computer war mit im Gep\u00e4ck, die vielen feinen Papiere, Kartonagen, B\u00fccher, Umschl\u00e4ge, Aufkleber und Stempel auch. Dann kamen&nbsp;neue Auftr\u00e4ge: Verpackungen f\u00fcr das Kunstkaufhaus, Zuckersticks und Einladungen, die Webseite und&nbsp;\u201el\u00fctt &amp; edel\u201c. Wenn sich Kunst und Grafikdesign verbinden sollen, sich gegenseitig unterst\u00fctzen sollen, dann kann sie echte Wunderwelten entwickeln. Sie hat ein Gesp\u00fcr f\u00fcr die stimmigen Farben, Anmutungen und die wichtigen Akzente \u2013 f\u00fcr das, was gute Grafik ausstrahlen kann, wenn der Betrachter die Arbeiten in den H\u00e4nden h\u00e4lt und anschaut. <\/span><\/p>\n<p><span class=\"s1\">Einblick in ihre Arbeiten erhalten Sie hier:<\/span><\/p>\n<p><span class=\"s1\"><a href=\"https:\/\/umbra-grafik.de\/\" target=\"_blank\">Ihre Website<\/a><\/span><\/p>\n<p><span class=\"s1\"><a href=\"https:\/\/luettundedel.de\/\" target=\"_blank\">und l\u00fctt&#038;edel<\/a><\/span><\/p>\n<p>[\/et_pb_text][\/et_pb_column][\/et_pb_row][et_pb_row column_structure=&#8220;1_2,1_2&#8243; _builder_version=&#8220;4.3.4&#8243;][et_pb_column type=&#8220;1_2&#8243; _builder_version=&#8220;4.3.4&#8243;][et_pb_image src=&#8220;https:\/\/kontor-schwerin.de\/kontor\/wp-content\/uploads\/2020\/03\/kk-uns-keba-03.jpg&#8220; _builder_version=&#8220;4.3.4&#8243; \/][et_pb_text _builder_version=&#8220;4.3.4&#8243;]<\/p>\n<p>B\u00fccherfest auf Burg Klempenow<\/p>\n<p>[\/et_pb_text][\/et_pb_column][et_pb_column type=&#8220;1_2&#8243; _builder_version=&#8220;4.3.4&#8243;][et_pb_image src=&#8220;https:\/\/kontor-schwerin.de\/kontor\/wp-content\/uploads\/2020\/03\/kk-uns-keba-04.jpg&#8220; _builder_version=&#8220;4.3.4&#8243; \/][et_pb_text _builder_version=&#8220;4.3.4&#8243;]<\/p>\n<p>Poesiefr\u00fchst\u00fcck auf Burg Klempenow<\/p>\n<p>[\/et_pb_text][\/et_pb_column][\/et_pb_row][et_pb_row column_structure=&#8220;1_2,1_2&#8243; _builder_version=&#8220;4.3.4&#8243;][et_pb_column type=&#8220;1_2&#8243; _builder_version=&#8220;4.3.4&#8243;][et_pb_image src=&#8220;https:\/\/kontor-schwerin.de\/kontor\/wp-content\/uploads\/2020\/03\/kk-uns-keba-05.jpg&#8220; _builder_version=&#8220;4.3.4&#8243; \/][et_pb_text _builder_version=&#8220;4.3.4&#8243;]<\/p>\n<p>Etiketten f\u00fcr Natur\u00f6le<\/p>\n<p>[\/et_pb_text][\/et_pb_column][et_pb_column type=&#8220;1_2&#8243; _builder_version=&#8220;4.3.4&#8243;][et_pb_image src=&#8220;https:\/\/kontor-schwerin.de\/kontor\/wp-content\/uploads\/2020\/03\/kk-uns-keba-06.jpg&#8220; _builder_version=&#8220;4.3.4&#8243; \/][et_pb_text _builder_version=&#8220;4.3.4&#8243;]<\/p>\n<p>Karten schwarzkeramik und Medeale<\/p>\n<p>[\/et_pb_text][\/et_pb_column][\/et_pb_row][et_pb_row column_structure=&#8220;1_2,1_2&#8243; _builder_version=&#8220;4.3.4&#8243;][et_pb_column type=&#8220;1_2&#8243; _builder_version=&#8220;4.3.4&#8243;][et_pb_image src=&#8220;https:\/\/kontor-schwerin.de\/kontor\/wp-content\/uploads\/2020\/03\/kk-uns-keba-07.jpg&#8220; _builder_version=&#8220;4.3.4&#8243; \/][et_pb_text _builder_version=&#8220;4.3.4&#8243;]<\/p>\n<p>Zeitschriftenseiten der Zeitschrift \u201eFlugschrift\u201c im Rahmen des Druckgrafikfestivals 2011 im kontor Schwerin<\/p>\n<p>[\/et_pb_text][\/et_pb_column][et_pb_column type=&#8220;1_2&#8243; _builder_version=&#8220;4.3.4&#8243;][et_pb_image src=&#8220;https:\/\/kontor-schwerin.de\/kontor\/wp-content\/uploads\/2020\/03\/kk-uns-keba-08.jpg&#8220; _builder_version=&#8220;4.3.4&#8243; \/][\/et_pb_column][\/et_pb_row][et_pb_row column_structure=&#8220;1_2,1_2&#8243; _builder_version=&#8220;4.3.4&#8243;][et_pb_column type=&#8220;1_2&#8243; _builder_version=&#8220;4.3.4&#8243;][et_pb_image src=&#8220;https:\/\/kontor-schwerin.de\/kontor\/wp-content\/uploads\/2020\/03\/kk-uns-keba-09.jpg&#8220; _builder_version=&#8220;4.3.4&#8243; \/][et_pb_text _builder_version=&#8220;4.3.4&#8243;]<\/p>\n<p>Werbeplakat f\u00fcr das Kunstkaufhaus Putbus, Werbeplakat f\u00fcr das Druckgrafikdesignfestival 2011 im kontor Schwerin<\/p>\n<p>[\/et_pb_text][\/et_pb_column][et_pb_column type=&#8220;1_2&#8243; _builder_version=&#8220;4.3.4&#8243;][et_pb_image src=&#8220;https:\/\/kontor-schwerin.de\/kontor\/wp-content\/uploads\/2020\/03\/kk-uns-keba-10.jpg&#8220; _builder_version=&#8220;4.3.4&#8243; \/][et_pb_text _builder_version=&#8220;4.3.4&#8243;]<\/p>\n<p>Veranstaltungsplakat f\u00fcr das Figurentheater Ernst Heiter<\/p>\n<p>[\/et_pb_text][\/et_pb_column][\/et_pb_row][et_pb_row column_structure=&#8220;1_2,1_2&#8243; _builder_version=&#8220;4.3.4&#8243;][et_pb_column type=&#8220;1_2&#8243; _builder_version=&#8220;4.3.4&#8243;][et_pb_image src=&#8220;https:\/\/kontor-schwerin.de\/kontor\/wp-content\/uploads\/2020\/03\/kk-uns-keba-11.jpg&#8220; _builder_version=&#8220;4.3.4&#8243; \/][et_pb_text _builder_version=&#8220;4.3.4&#8243;]<\/p>\n<p>Collagen aus Druckereimakulatur und zerschnittenen Plakaten<\/p>\n<p>[\/et_pb_text][\/et_pb_column][et_pb_column type=&#8220;1_2&#8243; _builder_version=&#8220;4.3.4&#8243;][et_pb_image src=&#8220;https:\/\/kontor-schwerin.de\/kontor\/wp-content\/uploads\/2020\/03\/kk-uns-keba-12.jpg&#8220; _builder_version=&#8220;4.3.4&#8243; \/][\/et_pb_column][\/et_pb_row][\/et_pb_section]<\/p>\n","protected":false},"excerpt":{"rendered":"<p>[et_pb_section bb_built=&#8220;1&#8243; fullwidth=&#8220;on&#8220; _builder_version=&#8220;4.3.4&#8243; next_background_color=&#8220;#000000&#8243;][et_pb_fullwidth_header admin_label=&#8220;kunstkaufhaus header&#8220; title=&#8220;KUNSTKAUFHAUS&#8220; text_orientation=&#8220;center&#8220; _builder_version=&#8220;4.3.4&#8243; background_image=&#8220;https:\/\/kontor-schwerin.de\/kontor\/wp-content\/uploads\/2020\/10\/neu-header-kk-scaled.jpg&#8220; global_module=&#8220;244&#8243; \/][et_pb_fullwidth_menu menu_id=&#8220;4&#8243; menu_style=&#8220;centered&#8220; disabled_on=&#8220;on|on|off&#8220; _builder_version=&#8220;4.3.4&#8243; global_module=&#8220;245&#8243; \/][\/et_pb_section][et_pb_section bb_built=&#8220;1&#8243; _builder_version=&#8220;4.3.4&#8243; prev_background_color=&#8220;#000000&#8243;][et_pb_row _builder_version=&#8220;4.3.4&#8243;][et_pb_column type=&#8220;4_4&#8243; _builder_version=&#8220;4.3.4&#8243;][et_pb_text _builder_version=&#8220;4.3.4&#8243; header_2_text_color=&#8220;#000000&#8243; header_3_text_color=&#8220;#000000&#8243; hover_enabled=&#8220;0&#8243;] \u00dcBER UNS Kerstin Baarmann [\/et_pb_text][\/et_pb_column][\/et_pb_row][et_pb_row column_structure=&#8220;1_4,3_4&#8243; _builder_version=&#8220;4.3.4&#8243;][et_pb_column type=&#8220;1_4&#8243; _builder_version=&#8220;4.3.4&#8243;][et_pb_image src=&#8220;https:\/\/kontor-schwerin.de\/kontor\/wp-content\/uploads\/2020\/10\/keba4.jpg&#8220; _builder_version=&#8220;4.3.4&#8243; \/][\/et_pb_column][et_pb_column type=&#8220;3_4&#8243; _builder_version=&#8220;4.3.4&#8243;][et_pb_text _builder_version=&#8220;4.3.4&#8243; header_2_text_color=&#8220;#000000&#8243; header_3_text_color=&#8220;#000000&#8243; text_text_shadow_horizontal_length=&#8220;text_text_shadow_style,%91object Object%93&#8243; text_text_shadow_horizontal_length_tablet=&#8220;0px&#8220; text_text_shadow_vertical_length=&#8220;text_text_shadow_style,%91object Object%93&#8243; text_text_shadow_vertical_length_tablet=&#8220;0px&#8220; text_text_shadow_blur_strength=&#8220;text_text_shadow_style,%91object Object%93&#8243; text_text_shadow_blur_strength_tablet=&#8220;1px&#8220; [&hellip;]<\/p>\n","protected":false},"author":2,"featured_media":0,"parent":0,"menu_order":0,"comment_status":"closed","ping_status":"closed","template":"","meta":{"_et_pb_use_builder":"on","_et_pb_old_content":"","_et_gb_content_width":"","footnotes":""},"class_list":["post-423","page","type-page","status-publish","hentry"],"_links":{"self":[{"href":"https:\/\/kontor-schwerin.de\/kontor\/wp-json\/wp\/v2\/pages\/423","targetHints":{"allow":["GET"]}}],"collection":[{"href":"https:\/\/kontor-schwerin.de\/kontor\/wp-json\/wp\/v2\/pages"}],"about":[{"href":"https:\/\/kontor-schwerin.de\/kontor\/wp-json\/wp\/v2\/types\/page"}],"author":[{"embeddable":true,"href":"https:\/\/kontor-schwerin.de\/kontor\/wp-json\/wp\/v2\/users\/2"}],"replies":[{"embeddable":true,"href":"https:\/\/kontor-schwerin.de\/kontor\/wp-json\/wp\/v2\/comments?post=423"}],"version-history":[{"count":8,"href":"https:\/\/kontor-schwerin.de\/kontor\/wp-json\/wp\/v2\/pages\/423\/revisions"}],"predecessor-version":[{"id":1375,"href":"https:\/\/kontor-schwerin.de\/kontor\/wp-json\/wp\/v2\/pages\/423\/revisions\/1375"}],"wp:attachment":[{"href":"https:\/\/kontor-schwerin.de\/kontor\/wp-json\/wp\/v2\/media?parent=423"}],"curies":[{"name":"wp","href":"https:\/\/api.w.org\/{rel}","templated":true}]}}