{"id":415,"date":"2020-03-31T12:11:02","date_gmt":"2020-03-31T10:11:02","guid":{"rendered":"http:\/\/kontor-schwerin.de\/kontor\/?page_id=415"},"modified":"2026-02-04T14:59:27","modified_gmt":"2026-02-04T13:59:27","slug":"marta-olejko","status":"publish","type":"page","link":"https:\/\/kontor-schwerin.de\/kontor\/marta-olejko\/","title":{"rendered":"Marta Olejko"},"content":{"rendered":"<p>[et_pb_section bb_built=&#8220;1&#8243; fullwidth=&#8220;on&#8220; _builder_version=&#8220;4.3.4&#8243; next_background_color=&#8220;#000000&#8243;][et_pb_fullwidth_header admin_label=&#8220;kunstkaufhaus header&#8220; title=&#8220;KUNSTKAUFHAUS&#8220; text_orientation=&#8220;center&#8220; _builder_version=&#8220;4.3.4&#8243; background_image=&#8220;https:\/\/kontor-schwerin.de\/kontor\/wp-content\/uploads\/2020\/10\/neu-header-kk-scaled.jpg&#8220; global_module=&#8220;244&#8243; \/][et_pb_fullwidth_menu menu_id=&#8220;4&#8243; menu_style=&#8220;centered&#8220; disabled_on=&#8220;on|on|off&#8220; _builder_version=&#8220;4.3.4&#8243; global_module=&#8220;245&#8243; \/][\/et_pb_section][et_pb_section bb_built=&#8220;1&#8243; _builder_version=&#8220;4.3.4&#8243; prev_background_color=&#8220;#000000&#8243;][et_pb_row _builder_version=&#8220;4.3.4&#8243;][et_pb_column type=&#8220;4_4&#8243; _builder_version=&#8220;4.3.4&#8243;][et_pb_text _builder_version=&#8220;4.3.4&#8243; header_2_text_color=&#8220;#000000&#8243; header_3_text_color=&#8220;#000000&#8243; hover_enabled=&#8220;0&#8243;]<\/p>\n<h3 style=\"text-align: center;\">\u00dcBER UNS<\/h3>\n<h2 style=\"text-align: center;\">Marta Olejko<\/h2>\n<p>[\/et_pb_text][\/et_pb_column][\/et_pb_row][et_pb_row column_structure=&#8220;1_4,3_4&#8243; _builder_version=&#8220;4.3.4&#8243;][et_pb_column type=&#8220;1_4&#8243; _builder_version=&#8220;4.3.4&#8243;][et_pb_image src=&#8220;https:\/\/kontor-schwerin.de\/kontor\/wp-content\/uploads\/2020\/10\/marta4.jpg&#8220; _builder_version=&#8220;4.3.4&#8243; \/][\/et_pb_column][et_pb_column type=&#8220;3_4&#8243; _builder_version=&#8220;4.3.4&#8243;][et_pb_text _builder_version=&#8220;4.3.4&#8243; header_2_text_color=&#8220;#000000&#8243; header_3_text_color=&#8220;#000000&#8243; text_text_shadow_horizontal_length=&#8220;text_text_shadow_style,%91object Object%93&#8243; text_text_shadow_horizontal_length_tablet=&#8220;0px&#8220; text_text_shadow_vertical_length=&#8220;text_text_shadow_style,%91object Object%93&#8243; text_text_shadow_vertical_length_tablet=&#8220;0px&#8220; text_text_shadow_blur_strength=&#8220;text_text_shadow_style,%91object Object%93&#8243; text_text_shadow_blur_strength_tablet=&#8220;1px&#8220; link_text_shadow_horizontal_length=&#8220;link_text_shadow_style,%91object Object%93&#8243; link_text_shadow_horizontal_length_tablet=&#8220;0px&#8220; link_text_shadow_vertical_length=&#8220;link_text_shadow_style,%91object Object%93&#8243; link_text_shadow_vertical_length_tablet=&#8220;0px&#8220; link_text_shadow_blur_strength=&#8220;link_text_shadow_style,%91object Object%93&#8243; link_text_shadow_blur_strength_tablet=&#8220;1px&#8220; ul_text_shadow_horizontal_length=&#8220;ul_text_shadow_style,%91object Object%93&#8243; ul_text_shadow_horizontal_length_tablet=&#8220;0px&#8220; ul_text_shadow_vertical_length=&#8220;ul_text_shadow_style,%91object Object%93&#8243; ul_text_shadow_vertical_length_tablet=&#8220;0px&#8220; ul_text_shadow_blur_strength=&#8220;ul_text_shadow_style,%91object Object%93&#8243; ul_text_shadow_blur_strength_tablet=&#8220;1px&#8220; ol_text_shadow_horizontal_length=&#8220;ol_text_shadow_style,%91object Object%93&#8243; ol_text_shadow_horizontal_length_tablet=&#8220;0px&#8220; ol_text_shadow_vertical_length=&#8220;ol_text_shadow_style,%91object Object%93&#8243; ol_text_shadow_vertical_length_tablet=&#8220;0px&#8220; ol_text_shadow_blur_strength=&#8220;ol_text_shadow_style,%91object Object%93&#8243; ol_text_shadow_blur_strength_tablet=&#8220;1px&#8220; quote_text_shadow_horizontal_length=&#8220;quote_text_shadow_style,%91object Object%93&#8243; quote_text_shadow_horizontal_length_tablet=&#8220;0px&#8220; quote_text_shadow_vertical_length=&#8220;quote_text_shadow_style,%91object Object%93&#8243; quote_text_shadow_vertical_length_tablet=&#8220;0px&#8220; quote_text_shadow_blur_strength=&#8220;quote_text_shadow_style,%91object Object%93&#8243; quote_text_shadow_blur_strength_tablet=&#8220;1px&#8220; header_text_shadow_horizontal_length=&#8220;header_text_shadow_style,%91object Object%93&#8243; header_text_shadow_horizontal_length_tablet=&#8220;0px&#8220; header_text_shadow_vertical_length=&#8220;header_text_shadow_style,%91object Object%93&#8243; header_text_shadow_vertical_length_tablet=&#8220;0px&#8220; header_text_shadow_blur_strength=&#8220;header_text_shadow_style,%91object Object%93&#8243; header_text_shadow_blur_strength_tablet=&#8220;1px&#8220; header_2_text_shadow_horizontal_length=&#8220;header_2_text_shadow_style,%91object Object%93&#8243; header_2_text_shadow_horizontal_length_tablet=&#8220;0px&#8220; header_2_text_shadow_vertical_length=&#8220;header_2_text_shadow_style,%91object Object%93&#8243; header_2_text_shadow_vertical_length_tablet=&#8220;0px&#8220; header_2_text_shadow_blur_strength=&#8220;header_2_text_shadow_style,%91object Object%93&#8243; header_2_text_shadow_blur_strength_tablet=&#8220;1px&#8220; header_3_text_shadow_horizontal_length=&#8220;header_3_text_shadow_style,%91object Object%93&#8243; header_3_text_shadow_horizontal_length_tablet=&#8220;0px&#8220; header_3_text_shadow_vertical_length=&#8220;header_3_text_shadow_style,%91object Object%93&#8243; header_3_text_shadow_vertical_length_tablet=&#8220;0px&#8220; header_3_text_shadow_blur_strength=&#8220;header_3_text_shadow_style,%91object Object%93&#8243; header_3_text_shadow_blur_strength_tablet=&#8220;1px&#8220; header_4_text_shadow_horizontal_length=&#8220;header_4_text_shadow_style,%91object Object%93&#8243; header_4_text_shadow_horizontal_length_tablet=&#8220;0px&#8220; header_4_text_shadow_vertical_length=&#8220;header_4_text_shadow_style,%91object Object%93&#8243; header_4_text_shadow_vertical_length_tablet=&#8220;0px&#8220; header_4_text_shadow_blur_strength=&#8220;header_4_text_shadow_style,%91object Object%93&#8243; header_4_text_shadow_blur_strength_tablet=&#8220;1px&#8220; header_5_text_shadow_horizontal_length=&#8220;header_5_text_shadow_style,%91object Object%93&#8243; header_5_text_shadow_horizontal_length_tablet=&#8220;0px&#8220; header_5_text_shadow_vertical_length=&#8220;header_5_text_shadow_style,%91object Object%93&#8243; header_5_text_shadow_vertical_length_tablet=&#8220;0px&#8220; header_5_text_shadow_blur_strength=&#8220;header_5_text_shadow_style,%91object Object%93&#8243; header_5_text_shadow_blur_strength_tablet=&#8220;1px&#8220; header_6_text_shadow_horizontal_length=&#8220;header_6_text_shadow_style,%91object Object%93&#8243; header_6_text_shadow_horizontal_length_tablet=&#8220;0px&#8220; header_6_text_shadow_vertical_length=&#8220;header_6_text_shadow_style,%91object Object%93&#8243; header_6_text_shadow_vertical_length_tablet=&#8220;0px&#8220; header_6_text_shadow_blur_strength=&#8220;header_6_text_shadow_style,%91object Object%93&#8243; header_6_text_shadow_blur_strength_tablet=&#8220;1px&#8220; box_shadow_horizontal_tablet=&#8220;0px&#8220; box_shadow_vertical_tablet=&#8220;0px&#8220; box_shadow_blur_tablet=&#8220;40px&#8220; box_shadow_spread_tablet=&#8220;0px&#8220; vertical_offset_tablet=&#8220;0&#8243; horizontal_offset_tablet=&#8220;0&#8243; z_index_tablet=&#8220;0&#8243;]<\/p>\n<p style=\"text-align: left;\"><span class=\"s1\"><span class=\"\">Marta Olejko <\/span>bringt mit ihrer sch\u00f6nen Stimme, der Geige und ihren Bildern ihren ganz eigenen Klang ins Kunstkaufhaus \u2013 manchmal sogar mit einem Chor. Marta Olejko unterrichtet im Fach Geige und nutzt \u00bbdas kontor\u00ab f\u00fcr kleine Konzerte Ihrer Sch\u00fcler. Hin und wieder tritt auch sie selbst ins Rampenlicht der kleinen B\u00fchne nebem dem Goldschmiedetisch. Es gibt eine CD mit alten italienischen Liebesliedern, die sie mit Musikerkollegen bespielt und besungen hat: Ein Klassiker des Kunstkaufhausses \u2013 f\u00fcr alle, die viel Autofahren und gern dabei Musik h\u00f6ren! Ihre Bilder haben im Kontor einen eigenen Raum \u2013 den gro\u00dfen alten Kamin. Dann sind da noch ihre Hochzeitskarten f\u00fcr M\u00e4nnchen\/Weibchen \u2013 M\u00e4nnchen\/M\u00e4nnchen \u2013 Weibchen\/Weibchen. Sie ist eine richtige Schwerinerin und im Kunstkaufhaus mit all dem, was sie einbringt, genau an der richtigen Stelle. Marta ist die Finderin der Wortmarke \u00bbl\u00fctt&amp;edel\u00ab. <\/span><\/p>\n<p style=\"text-align: left;\"><span class=\"s1\">Hier sehen Sie einige Ihrer Arbeiten:<\/span><\/p>\n<p style=\"text-align: left;\"><span class=\"s1\"><a href=\"https:\/\/www.marta-olejko.de\/\" target=\"_blank\">und hier kommen Sie zu Ihrer Website<\/a><\/span><\/p>\n<p>[\/et_pb_text][\/et_pb_column][\/et_pb_row][et_pb_row column_structure=&#8220;1_2,1_2&#8243; _builder_version=&#8220;4.3.4&#8243;][et_pb_column type=&#8220;1_2&#8243; _builder_version=&#8220;4.3.4&#8243;][et_pb_image src=&#8220;https:\/\/kontor-schwerin.de\/kontor\/wp-content\/uploads\/2020\/03\/kk-uns-marta-01.jpg&#8220; _builder_version=&#8220;4.3.4&#8243; \/][et_pb_text _builder_version=&#8220;4.3.4&#8243;]<\/p>\n<p>Karfreitag\u201c \u00b7 Acryl auf Leinwand, 40 x 40 cm<\/p>\n<p>[\/et_pb_text][\/et_pb_column][et_pb_column type=&#8220;1_2&#8243; _builder_version=&#8220;4.3.4&#8243;][et_pb_image src=&#8220;https:\/\/kontor-schwerin.de\/kontor\/wp-content\/uploads\/2020\/03\/kk-uns-marta-02.jpg&#8220; _builder_version=&#8220;4.3.4&#8243; \/][et_pb_text _builder_version=&#8220;4.3.4&#8243;]<\/p>\n<p>\u201eK\u00e4ltewelle\u201c \u00b7 Acryl auf Leinwand, 40 x 50 cm<\/p>\n<p>[\/et_pb_text][\/et_pb_column][\/et_pb_row][et_pb_row column_structure=&#8220;1_2,1_2&#8243; _builder_version=&#8220;4.3.4&#8243;][et_pb_column type=&#8220;1_2&#8243; _builder_version=&#8220;4.3.4&#8243;][et_pb_image src=&#8220;https:\/\/kontor-schwerin.de\/kontor\/wp-content\/uploads\/2020\/03\/kk-uns-marta-03.jpg&#8220; _builder_version=&#8220;4.3.4&#8243; \/][et_pb_text _builder_version=&#8220;4.3.4&#8243;]<\/p>\n<p>\u201eRotk\u00e4ppchen\u201c \u00b7 Acryl auf Leinwand, 40 x 50 cm<\/p>\n<p>[\/et_pb_text][\/et_pb_column][et_pb_column type=&#8220;1_2&#8243; _builder_version=&#8220;4.3.4&#8243;][et_pb_image src=&#8220;https:\/\/kontor-schwerin.de\/kontor\/wp-content\/uploads\/2020\/03\/kk-uns-marta-04.jpg&#8220; _builder_version=&#8220;4.3.4&#8243; \/][et_pb_text _builder_version=&#8220;4.3.4&#8243;]<\/p>\n<p>\u201eKleiner Haltungsfehler\u201c \u00b7 Acryl auf Holz, 40 x 40 cm<\/p>\n<p>[\/et_pb_text][\/et_pb_column][\/et_pb_row][et_pb_row column_structure=&#8220;1_2,1_2&#8243; _builder_version=&#8220;4.3.4&#8243;][et_pb_column type=&#8220;1_2&#8243; _builder_version=&#8220;4.3.4&#8243;][et_pb_image src=&#8220;https:\/\/kontor-schwerin.de\/kontor\/wp-content\/uploads\/2020\/03\/kk-uns-marta-05.jpg&#8220; _builder_version=&#8220;4.3.4&#8243; \/][et_pb_text _builder_version=&#8220;4.3.4&#8243;]<\/p>\n<p>Sandl\u00e4ufer \u00b7 Acryl auf Leinwand<\/p>\n<p>[\/et_pb_text][\/et_pb_column][et_pb_column type=&#8220;1_2&#8243; _builder_version=&#8220;4.3.4&#8243;][et_pb_image src=&#8220;https:\/\/kontor-schwerin.de\/kontor\/wp-content\/uploads\/2020\/03\/kk-uns-marta-06.jpg&#8220; _builder_version=&#8220;4.3.4&#8243; \/][et_pb_text _builder_version=&#8220;4.3.4&#8243;]<\/p>\n<p>\u201eStolz+Vorurteil \u00b7 Fortgeschrittenen-Kurs\u201c, 40 x 60 cm<\/p>\n<p>[\/et_pb_text][\/et_pb_column][\/et_pb_row][et_pb_row column_structure=&#8220;1_2,1_2&#8243; _builder_version=&#8220;4.3.4&#8243;][et_pb_column type=&#8220;1_2&#8243; _builder_version=&#8220;4.3.4&#8243;][et_pb_image src=&#8220;https:\/\/kontor-schwerin.de\/kontor\/wp-content\/uploads\/2020\/03\/kk-uns-marta-07.jpg&#8220; _builder_version=&#8220;4.3.4&#8243; \/][et_pb_text _builder_version=&#8220;4.3.4&#8243;]<\/p>\n<p>\u201eWortgefecht\u201c \u00b7 Acryl auf Leinwand, 50 x 60 cm<\/p>\n<p>[\/et_pb_text][\/et_pb_column][et_pb_column type=&#8220;1_2&#8243; _builder_version=&#8220;4.3.4&#8243;][et_pb_image src=&#8220;https:\/\/kontor-schwerin.de\/kontor\/wp-content\/uploads\/2020\/03\/kk-uns-marta-08.jpg&#8220; _builder_version=&#8220;4.3.4&#8243; \/][et_pb_text _builder_version=&#8220;4.3.4&#8243;]<\/p>\n<p>\u201eSch\u00f6ne Aussicht\u201c \u00b7 Acryl auf Leinwand, 50 x 70 cm<\/p>\n<p>[\/et_pb_text][et_pb_button _builder_version=&#8220;4.3.4&#8243; button_text=&#8220;Website&#8220; button_url=&#8220;https:\/\/www.marta-olejko.de\/&#8220; url_new_window=&#8220;on&#8220; button_text_shadow_horizontal_length=&#8220;button_text_shadow_style,%91object Object%93&#8243; button_text_shadow_horizontal_length_tablet=&#8220;0px&#8220; button_text_shadow_vertical_length=&#8220;button_text_shadow_style,%91object Object%93&#8243; button_text_shadow_vertical_length_tablet=&#8220;0px&#8220; button_text_shadow_blur_strength=&#8220;button_text_shadow_style,%91object Object%93&#8243; button_text_shadow_blur_strength_tablet=&#8220;1px&#8220; box_shadow_horizontal_tablet=&#8220;0px&#8220; box_shadow_vertical_tablet=&#8220;0px&#8220; box_shadow_blur_tablet=&#8220;40px&#8220; box_shadow_spread_tablet=&#8220;0px&#8220; vertical_offset_tablet=&#8220;0&#8243; horizontal_offset_tablet=&#8220;0&#8243; z_index_tablet=&#8220;0&#8243; \/][\/et_pb_column][\/et_pb_row][\/et_pb_section]<\/p>\n","protected":false},"excerpt":{"rendered":"<p>[et_pb_section bb_built=&#8220;1&#8243; fullwidth=&#8220;on&#8220; _builder_version=&#8220;4.3.4&#8243; next_background_color=&#8220;#000000&#8243;][et_pb_fullwidth_header admin_label=&#8220;kunstkaufhaus header&#8220; title=&#8220;KUNSTKAUFHAUS&#8220; text_orientation=&#8220;center&#8220; _builder_version=&#8220;4.3.4&#8243; background_image=&#8220;https:\/\/kontor-schwerin.de\/kontor\/wp-content\/uploads\/2020\/10\/neu-header-kk-scaled.jpg&#8220; global_module=&#8220;244&#8243; \/][et_pb_fullwidth_menu menu_id=&#8220;4&#8243; menu_style=&#8220;centered&#8220; disabled_on=&#8220;on|on|off&#8220; _builder_version=&#8220;4.3.4&#8243; global_module=&#8220;245&#8243; \/][\/et_pb_section][et_pb_section bb_built=&#8220;1&#8243; _builder_version=&#8220;4.3.4&#8243; prev_background_color=&#8220;#000000&#8243;][et_pb_row _builder_version=&#8220;4.3.4&#8243;][et_pb_column type=&#8220;4_4&#8243; _builder_version=&#8220;4.3.4&#8243;][et_pb_text _builder_version=&#8220;4.3.4&#8243; header_2_text_color=&#8220;#000000&#8243; header_3_text_color=&#8220;#000000&#8243; hover_enabled=&#8220;0&#8243;] \u00dcBER UNS Marta Olejko [\/et_pb_text][\/et_pb_column][\/et_pb_row][et_pb_row column_structure=&#8220;1_4,3_4&#8243; _builder_version=&#8220;4.3.4&#8243;][et_pb_column type=&#8220;1_4&#8243; _builder_version=&#8220;4.3.4&#8243;][et_pb_image src=&#8220;https:\/\/kontor-schwerin.de\/kontor\/wp-content\/uploads\/2020\/10\/marta4.jpg&#8220; _builder_version=&#8220;4.3.4&#8243; \/][\/et_pb_column][et_pb_column type=&#8220;3_4&#8243; _builder_version=&#8220;4.3.4&#8243;][et_pb_text _builder_version=&#8220;4.3.4&#8243; header_2_text_color=&#8220;#000000&#8243; header_3_text_color=&#8220;#000000&#8243; text_text_shadow_horizontal_length=&#8220;text_text_shadow_style,%91object Object%93&#8243; text_text_shadow_horizontal_length_tablet=&#8220;0px&#8220; text_text_shadow_vertical_length=&#8220;text_text_shadow_style,%91object Object%93&#8243; text_text_shadow_vertical_length_tablet=&#8220;0px&#8220; text_text_shadow_blur_strength=&#8220;text_text_shadow_style,%91object Object%93&#8243; text_text_shadow_blur_strength_tablet=&#8220;1px&#8220; [&hellip;]<\/p>\n","protected":false},"author":2,"featured_media":0,"parent":0,"menu_order":0,"comment_status":"closed","ping_status":"closed","template":"","meta":{"_et_pb_use_builder":"on","_et_pb_old_content":"","_et_gb_content_width":"","footnotes":""},"class_list":["post-415","page","type-page","status-publish","hentry"],"_links":{"self":[{"href":"https:\/\/kontor-schwerin.de\/kontor\/wp-json\/wp\/v2\/pages\/415","targetHints":{"allow":["GET"]}}],"collection":[{"href":"https:\/\/kontor-schwerin.de\/kontor\/wp-json\/wp\/v2\/pages"}],"about":[{"href":"https:\/\/kontor-schwerin.de\/kontor\/wp-json\/wp\/v2\/types\/page"}],"author":[{"embeddable":true,"href":"https:\/\/kontor-schwerin.de\/kontor\/wp-json\/wp\/v2\/users\/2"}],"replies":[{"embeddable":true,"href":"https:\/\/kontor-schwerin.de\/kontor\/wp-json\/wp\/v2\/comments?post=415"}],"version-history":[{"count":11,"href":"https:\/\/kontor-schwerin.de\/kontor\/wp-json\/wp\/v2\/pages\/415\/revisions"}],"predecessor-version":[{"id":1380,"href":"https:\/\/kontor-schwerin.de\/kontor\/wp-json\/wp\/v2\/pages\/415\/revisions\/1380"}],"wp:attachment":[{"href":"https:\/\/kontor-schwerin.de\/kontor\/wp-json\/wp\/v2\/media?parent=415"}],"curies":[{"name":"wp","href":"https:\/\/api.w.org\/{rel}","templated":true}]}}