{"id":400,"date":"2020-03-31T11:45:34","date_gmt":"2020-03-31T09:45:34","guid":{"rendered":"http:\/\/kontor-schwerin.de\/kontor\/?page_id=400"},"modified":"2026-02-04T14:14:27","modified_gmt":"2026-02-04T13:14:27","slug":"birger-radsack","status":"publish","type":"page","link":"https:\/\/kontor-schwerin.de\/kontor\/birger-radsack\/","title":{"rendered":"Birger Radsack"},"content":{"rendered":"<p>[et_pb_section bb_built=&#8220;1&#8243; fullwidth=&#8220;on&#8220; _builder_version=&#8220;4.3.4&#8243; next_background_color=&#8220;#000000&#8243;][et_pb_fullwidth_header admin_label=&#8220;kunstkaufhaus header&#8220; title=&#8220;KUNSTKAUFHAUS&#8220; text_orientation=&#8220;center&#8220; _builder_version=&#8220;4.3.4&#8243; background_image=&#8220;https:\/\/kontor-schwerin.de\/kontor\/wp-content\/uploads\/2020\/10\/neu-header-kk-scaled.jpg&#8220; global_module=&#8220;244&#8243; \/][et_pb_fullwidth_menu menu_id=&#8220;4&#8243; menu_style=&#8220;centered&#8220; disabled_on=&#8220;on|on|off&#8220; _builder_version=&#8220;4.3.4&#8243; global_module=&#8220;245&#8243; \/][\/et_pb_section][et_pb_section bb_built=&#8220;1&#8243; _builder_version=&#8220;4.3.4&#8243; prev_background_color=&#8220;#000000&#8243;][et_pb_row _builder_version=&#8220;4.3.4&#8243;][et_pb_column type=&#8220;4_4&#8243; _builder_version=&#8220;4.3.4&#8243;][et_pb_text _builder_version=&#8220;4.3.4&#8243; header_2_text_color=&#8220;#000000&#8243; header_3_text_color=&#8220;#000000&#8243; hover_enabled=&#8220;0&#8243;]<\/p>\n<h3 style=\"text-align: center;\">\u00dcBER UNS<\/h3>\n<h2 style=\"text-align: center;\">Birger Radsack<\/h2>\n<p>[\/et_pb_text][\/et_pb_column][\/et_pb_row][et_pb_row column_structure=&#8220;1_4,3_4&#8243; _builder_version=&#8220;4.3.4&#8243;][et_pb_column type=&#8220;1_4&#8243; _builder_version=&#8220;4.3.4&#8243;][et_pb_image src=&#8220;https:\/\/kontor-schwerin.de\/kontor\/wp-content\/uploads\/2026\/02\/birger-kopp.jpg&#8220; _builder_version=&#8220;4.3.4&#8243; box_shadow_horizontal_tablet=&#8220;0px&#8220; box_shadow_vertical_tablet=&#8220;0px&#8220; box_shadow_blur_tablet=&#8220;40px&#8220; box_shadow_spread_tablet=&#8220;0px&#8220; vertical_offset_tablet=&#8220;0&#8243; horizontal_offset_tablet=&#8220;0&#8243; z_index_tablet=&#8220;0&#8243; \/][\/et_pb_column][et_pb_column type=&#8220;3_4&#8243; _builder_version=&#8220;4.3.4&#8243;][et_pb_text _builder_version=&#8220;4.3.4&#8243; header_2_text_color=&#8220;#000000&#8243; header_3_text_color=&#8220;#000000&#8243;]<\/p>\n<div class=\"et_pb_column et_pb_column_4_4 et_pb_column_4 et-last-child\">\n<div class=\"et_pb_text et_pb_module et_pb_bg_layout_light et_pb_text_align_left et_pb_text_1\"><span class=\"\">Birger Radsack <\/span>erlernte bei Schmiedemeister Pfennigschmidt die Grundlagen des Schmiedehandwerkes, erprobte sich bei der Firma \u00bbKunsch\u00ab in Berlin, der Denkmalpflege in Halle und als Werklehrer an der Freien Waldorfschule L\u00fcbeck. Irgendwie h\u00f6rt das lernen nicht auf \u2013 er studierte die Malerei. Inzwischen arbeitet er mit den S\u00f6hnen in einer sch\u00f6nen neuen Werkstatt in Stresdorf. Er ist die schnelle erste Hilfe im Kunstkaufhaus, sichert jede Installation, baut wichtige Lampen und Leuchter \u2013 ersinnt M\u00f6bel. Wenn Birger Radsack nicht w\u00e4re, dann w\u00fcrde ziemlich viel einfach nicht funktionieren.<\/p>\n<div class=\"et_pb_text_inner\">\n<div class=\"et_pb_column et_pb_column_4_4  et_pb_column_4 et-last-child\">\n<div class=\"et_pb_text et_pb_module et_pb_bg_layout_light et_pb_text_align_left  et_pb_text_1\">\n<div class=\"et_pb_text_inner\">\n<p class=\"p1\">Einige seiner Arbeiten k\u00f6nnen Sie sich hier ansehen:<\/p>\n<\/div>\n<\/div>\n<\/div>\n<\/div>\n<\/div>\n<\/div>\n<p>[\/et_pb_text][\/et_pb_column][\/et_pb_row][et_pb_row column_structure=&#8220;1_2,1_2&#8243; _builder_version=&#8220;4.3.4&#8243;][et_pb_column type=&#8220;1_2&#8243; _builder_version=&#8220;4.3.4&#8243;][et_pb_image src=&#8220;https:\/\/kontor-schwerin.de\/kontor\/wp-content\/uploads\/2020\/03\/kk-uns-birger-01.jpg&#8220; _builder_version=&#8220;4.3.4&#8243; \/][et_pb_text _builder_version=&#8220;4.3.4&#8243;]<\/p>\n<p>\u201eDer rote Punkt\u201c \u00b7 Acryl, 120 x 70 cm<\/p>\n<p>[\/et_pb_text][\/et_pb_column][et_pb_column type=&#8220;1_2&#8243; _builder_version=&#8220;4.3.4&#8243;][et_pb_image src=&#8220;https:\/\/kontor-schwerin.de\/kontor\/wp-content\/uploads\/2020\/03\/kk-uns-birger-02.jpg&#8220; _builder_version=&#8220;4.3.4&#8243; \/][et_pb_text _builder_version=&#8220;4.3.4&#8243;]<\/p>\n<p>\u201eDer See\u201c \u00b7 Acryl, 120 x 70 cm<\/p>\n<p>[\/et_pb_text][\/et_pb_column][\/et_pb_row][et_pb_row column_structure=&#8220;1_2,1_2&#8243; _builder_version=&#8220;4.3.4&#8243;][et_pb_column type=&#8220;1_2&#8243; _builder_version=&#8220;4.3.4&#8243;][et_pb_image src=&#8220;https:\/\/kontor-schwerin.de\/kontor\/wp-content\/uploads\/2020\/03\/kk-uns-birger-03.jpg&#8220; _builder_version=&#8220;4.3.4&#8243; \/][et_pb_text _builder_version=&#8220;4.3.4&#8243;]<\/p>\n<p>\u201eDer Fluss\u201c \u00b7 Acryl 140 x 170 cm<\/p>\n<p>[\/et_pb_text][\/et_pb_column][et_pb_column type=&#8220;1_2&#8243; _builder_version=&#8220;4.3.4&#8243;][et_pb_image src=&#8220;https:\/\/kontor-schwerin.de\/kontor\/wp-content\/uploads\/2020\/03\/kk-uns-birger-04.jpg&#8220; _builder_version=&#8220;4.3.4&#8243; \/][et_pb_text _builder_version=&#8220;4.3.4&#8243;]<\/p>\n<p>\u201eDie Luft\u201c \u00b7 Acryl 140 x 170 cm<\/p>\n<p>[\/et_pb_text][\/et_pb_column][\/et_pb_row][et_pb_row column_structure=&#8220;1_2,1_2&#8243; _builder_version=&#8220;4.3.4&#8243;][et_pb_column type=&#8220;1_2&#8243; _builder_version=&#8220;4.3.4&#8243;][et_pb_image src=&#8220;https:\/\/kontor-schwerin.de\/kontor\/wp-content\/uploads\/2020\/03\/kk-uns-birger-05.jpg&#8220; _builder_version=&#8220;4.3.4&#8243; \/][et_pb_text _builder_version=&#8220;4.3.4&#8243;]<\/p>\n<p>\u201eMesser und Gabel\u201c \u00b7 Edelstahl, Damast, Edelholz, K\u00f6cher Esche, acrylbemalt, Kork<\/p>\n<p>[\/et_pb_text][\/et_pb_column][et_pb_column type=&#8220;1_2&#8243; _builder_version=&#8220;4.3.4&#8243;][et_pb_image src=&#8220;https:\/\/kontor-schwerin.de\/kontor\/wp-content\/uploads\/2020\/03\/kk-uns-birger-06.jpg&#8220; _builder_version=&#8220;4.3.4&#8243; \/][et_pb_text _builder_version=&#8220;4.3.4&#8243;]<\/p>\n<p>Messer \u00b7 Stahl, Edelstahl, Damast, K\u00f6cher Esche acrylbemalt, Kork<\/p>\n<p>[\/et_pb_text][\/et_pb_column][\/et_pb_row][et_pb_row column_structure=&#8220;1_2,1_2&#8243; _builder_version=&#8220;4.3.4&#8243;][et_pb_column type=&#8220;1_2&#8243; _builder_version=&#8220;4.3.4&#8243;][et_pb_image src=&#8220;https:\/\/kontor-schwerin.de\/kontor\/wp-content\/uploads\/2020\/03\/kk-uns-birger-07.jpg&#8220; _builder_version=&#8220;4.3.4&#8243; \/][et_pb_text _builder_version=&#8220;4.3.4&#8243;]<\/p>\n<p>\u201eKartoffelspie\u00dfe\u201c \u00b7 Edelstahl geschmiedet<\/p>\n<p>[\/et_pb_text][\/et_pb_column][et_pb_column type=&#8220;1_2&#8243; _builder_version=&#8220;4.3.4&#8243;][et_pb_image src=&#8220;https:\/\/kontor-schwerin.de\/kontor\/wp-content\/uploads\/2020\/03\/kk-uns-birger-08.jpg&#8220; _builder_version=&#8220;4.3.4&#8243; \/][et_pb_text _builder_version=&#8220;4.3.4&#8243;]<\/p>\n<p>Objekt \u00b7 Bronze gegossen<\/p>\n<p>[\/et_pb_text][\/et_pb_column][\/et_pb_row][et_pb_row column_structure=&#8220;1_2,1_2&#8243; _builder_version=&#8220;4.3.4&#8243;][et_pb_column type=&#8220;1_2&#8243; _builder_version=&#8220;4.3.4&#8243;][et_pb_image src=&#8220;https:\/\/kontor-schwerin.de\/kontor\/wp-content\/uploads\/2020\/03\/kk-uns-birger-09.jpg&#8220; _builder_version=&#8220;4.3.4&#8243; \/][et_pb_text _builder_version=&#8220;4.3.4&#8243;]<\/p>\n<p>\u201eDie Glut\u201c \u00b7 Acryl 100 x 80 cm<\/p>\n<p>[\/et_pb_text][\/et_pb_column][et_pb_column type=&#8220;1_2&#8243; _builder_version=&#8220;4.3.4&#8243;][et_pb_image src=&#8220;https:\/\/kontor-schwerin.de\/kontor\/wp-content\/uploads\/2020\/03\/kk-uns-birger-10.jpg&#8220; _builder_version=&#8220;4.3.4&#8243; \/][et_pb_text _builder_version=&#8220;4.3.4&#8243;]<\/p>\n<p>\u201eFr\u00fchling\u201c \u00b7 Acryl, 100 x 80 cm<\/p>\n<p>[\/et_pb_text][\/et_pb_column][\/et_pb_row][et_pb_row column_structure=&#8220;1_2,1_2&#8243; _builder_version=&#8220;4.3.4&#8243;][et_pb_column type=&#8220;1_2&#8243; _builder_version=&#8220;4.3.4&#8243;][et_pb_image src=&#8220;https:\/\/kontor-schwerin.de\/kontor\/wp-content\/uploads\/2020\/03\/kk-uns-birger-11.jpg&#8220; _builder_version=&#8220;4.3.4&#8243; \/][et_pb_text _builder_version=&#8220;4.3.4&#8243;]<\/p>\n<p>\u201eBoot\u201c Leuchter \u00b7 Stahl geschmiedet, 80 x 30 cm<\/p>\n<p>[\/et_pb_text][\/et_pb_column][et_pb_column type=&#8220;1_2&#8243; _builder_version=&#8220;4.3.4&#8243;][et_pb_image src=&#8220;https:\/\/kontor-schwerin.de\/kontor\/wp-content\/uploads\/2020\/03\/kk-uns-birger-12.jpg&#8220; _builder_version=&#8220;4.3.4&#8243; \/][et_pb_text _builder_version=&#8220;4.3.4&#8243;]<\/p>\n<p>\u201eArche\u201c Leuchter f\u00fcr einen Kindergarten \u00b7 Stahl geschmiedet und gebrannt, 150 x 120 cm<\/p>\n<p>[\/et_pb_text][\/et_pb_column][\/et_pb_row][et_pb_row column_structure=&#8220;1_2,1_2&#8243; _builder_version=&#8220;4.3.4&#8243;][et_pb_column type=&#8220;1_2&#8243; _builder_version=&#8220;4.3.4&#8243;][et_pb_image src=&#8220;https:\/\/kontor-schwerin.de\/kontor\/wp-content\/uploads\/2020\/03\/kk-uns-birger-13.jpg&#8220; _builder_version=&#8220;4.3.4&#8243; \/][et_pb_text _builder_version=&#8220;4.3.4&#8243;]<\/p>\n<p>\u201eGittertor\u201c \u00b7 Stahl geschmiedet,und montiert, 350 x 210 cm<\/p>\n<p>[\/et_pb_text][\/et_pb_column][et_pb_column type=&#8220;1_2&#8243; _builder_version=&#8220;4.3.4&#8243;][et_pb_image src=&#8220;https:\/\/kontor-schwerin.de\/kontor\/wp-content\/uploads\/2020\/03\/kk-uns-birger-14.jpg&#8220; _builder_version=&#8220;4.3.4&#8243; \/][et_pb_text _builder_version=&#8220;4.3.4&#8243;]<\/p>\n<p>Stahltreppe \u00b7 f\u00fcr das Zentrum f\u00fcr Erneuerbare Energien in Eberswalde<\/p>\n<p>[\/et_pb_text][et_pb_button _builder_version=&#8220;4.3.4&#8243; button_text=&#8220;Website&#8220; button_url=&#8220;https:\/\/www.schmiede-radsack.de\/&#8220; url_new_window=&#8220;on&#8220; button_text_shadow_horizontal_length=&#8220;button_text_shadow_style,%91object Object%93&#8243; button_text_shadow_horizontal_length_tablet=&#8220;0px&#8220; button_text_shadow_vertical_length=&#8220;button_text_shadow_style,%91object Object%93&#8243; button_text_shadow_vertical_length_tablet=&#8220;0px&#8220; button_text_shadow_blur_strength=&#8220;button_text_shadow_style,%91object Object%93&#8243; button_text_shadow_blur_strength_tablet=&#8220;1px&#8220; box_shadow_horizontal_tablet=&#8220;0px&#8220; box_shadow_vertical_tablet=&#8220;0px&#8220; box_shadow_blur_tablet=&#8220;40px&#8220; box_shadow_spread_tablet=&#8220;0px&#8220; vertical_offset_tablet=&#8220;0&#8243; horizontal_offset_tablet=&#8220;0&#8243; z_index_tablet=&#8220;0&#8243; \/][\/et_pb_column][\/et_pb_row][\/et_pb_section]<\/p>\n","protected":false},"excerpt":{"rendered":"<p>[et_pb_section bb_built=&#8220;1&#8243; fullwidth=&#8220;on&#8220; _builder_version=&#8220;4.3.4&#8243; next_background_color=&#8220;#000000&#8243;][et_pb_fullwidth_header admin_label=&#8220;kunstkaufhaus header&#8220; title=&#8220;KUNSTKAUFHAUS&#8220; text_orientation=&#8220;center&#8220; _builder_version=&#8220;4.3.4&#8243; background_image=&#8220;https:\/\/kontor-schwerin.de\/kontor\/wp-content\/uploads\/2020\/10\/neu-header-kk-scaled.jpg&#8220; global_module=&#8220;244&#8243; \/][et_pb_fullwidth_menu menu_id=&#8220;4&#8243; menu_style=&#8220;centered&#8220; disabled_on=&#8220;on|on|off&#8220; _builder_version=&#8220;4.3.4&#8243; global_module=&#8220;245&#8243; \/][\/et_pb_section][et_pb_section bb_built=&#8220;1&#8243; _builder_version=&#8220;4.3.4&#8243; prev_background_color=&#8220;#000000&#8243;][et_pb_row _builder_version=&#8220;4.3.4&#8243;][et_pb_column type=&#8220;4_4&#8243; _builder_version=&#8220;4.3.4&#8243;][et_pb_text _builder_version=&#8220;4.3.4&#8243; header_2_text_color=&#8220;#000000&#8243; header_3_text_color=&#8220;#000000&#8243; hover_enabled=&#8220;0&#8243;] \u00dcBER UNS Birger Radsack [\/et_pb_text][\/et_pb_column][\/et_pb_row][et_pb_row column_structure=&#8220;1_4,3_4&#8243; _builder_version=&#8220;4.3.4&#8243;][et_pb_column type=&#8220;1_4&#8243; _builder_version=&#8220;4.3.4&#8243;][et_pb_image src=&#8220;https:\/\/kontor-schwerin.de\/kontor\/wp-content\/uploads\/2026\/02\/birger-kopp.jpg&#8220; _builder_version=&#8220;4.3.4&#8243; box_shadow_horizontal_tablet=&#8220;0px&#8220; box_shadow_vertical_tablet=&#8220;0px&#8220; box_shadow_blur_tablet=&#8220;40px&#8220; box_shadow_spread_tablet=&#8220;0px&#8220; vertical_offset_tablet=&#8220;0&#8243; horizontal_offset_tablet=&#8220;0&#8243; z_index_tablet=&#8220;0&#8243; \/][\/et_pb_column][et_pb_column type=&#8220;3_4&#8243; _builder_version=&#8220;4.3.4&#8243;][et_pb_text _builder_version=&#8220;4.3.4&#8243; header_2_text_color=&#8220;#000000&#8243; header_3_text_color=&#8220;#000000&#8243;] Birger Radsack [&hellip;]<\/p>\n","protected":false},"author":2,"featured_media":0,"parent":0,"menu_order":0,"comment_status":"closed","ping_status":"closed","template":"","meta":{"_et_pb_use_builder":"on","_et_pb_old_content":"","_et_gb_content_width":"","footnotes":""},"class_list":["post-400","page","type-page","status-publish","hentry"],"_links":{"self":[{"href":"https:\/\/kontor-schwerin.de\/kontor\/wp-json\/wp\/v2\/pages\/400","targetHints":{"allow":["GET"]}}],"collection":[{"href":"https:\/\/kontor-schwerin.de\/kontor\/wp-json\/wp\/v2\/pages"}],"about":[{"href":"https:\/\/kontor-schwerin.de\/kontor\/wp-json\/wp\/v2\/types\/page"}],"author":[{"embeddable":true,"href":"https:\/\/kontor-schwerin.de\/kontor\/wp-json\/wp\/v2\/users\/2"}],"replies":[{"embeddable":true,"href":"https:\/\/kontor-schwerin.de\/kontor\/wp-json\/wp\/v2\/comments?post=400"}],"version-history":[{"count":14,"href":"https:\/\/kontor-schwerin.de\/kontor\/wp-json\/wp\/v2\/pages\/400\/revisions"}],"predecessor-version":[{"id":1371,"href":"https:\/\/kontor-schwerin.de\/kontor\/wp-json\/wp\/v2\/pages\/400\/revisions\/1371"}],"wp:attachment":[{"href":"https:\/\/kontor-schwerin.de\/kontor\/wp-json\/wp\/v2\/media?parent=400"}],"curies":[{"name":"wp","href":"https:\/\/api.w.org\/{rel}","templated":true}]}}